{"id":8,"date":"2017-09-04T13:46:20","date_gmt":"2017-09-04T13:46:20","guid":{"rendered":"http:\/\/bibtex.al\/?page_id=8"},"modified":"2018-12-06T14:40:19","modified_gmt":"2018-12-06T14:40:19","slug":"home","status":"publish","type":"page","link":"https:\/\/bibtex.al\/","title":{"rendered":"Home"},"content":{"rendered":"<div class=\"wpb-content-wrapper\"><p>[vc_row][vc_column width=&#8221;1\/2&#8243;][vc_single_image image=&#8221;535&#8243; img_size=&#8221;full&#8221; alignment=&#8221;center&#8221; image_hovers=&#8221;false&#8221;][\/vc_column][vc_column width=&#8221;1\/2&#8243;][vc_empty_space height=&#8221;10px&#8221;][vc_custom_heading text=&#8221;MIR\u00cbSEVINI N\u00cb BIBTEX ALBANIA&#8221; font_container=&#8221;tag:h4|text_align:left|color:%23972022&#8243; google_fonts=&#8221;font_family:Arimo%3Aregular%2Citalic%2C700%2C700italic|font_style:700%20bold%20regular%3A700%3Anormal&#8221;][vc_custom_heading text=&#8221;KOMPLETO STILIN T\u00cbND T\u00cb ARREDIMIT&#8221; font_container=&#8221;tag:h2|font_size:38px|text_align:left|color:%23000000&#8243; google_fonts=&#8221;font_family:Merienda%3Aregular%2C700|font_style:700%20bold%20regular%3A700%3Anormal&#8221;][vc_empty_space height=&#8221;10px&#8221;][vc_column_text]<span style=\"color: #000000\">Bibtex \u00ebsht\u00eb kompania e cila ju ofron jo thjesht p\u00eblhura dhe tapiceri, por thjesht \u00ebsht\u00eb ajo q\u00eb juve ju nevojitet p\u00ebr arredimin e ambjenteve tuaja. Dizajnet e reja, testimet laboratorike t\u00eb plota bazuar n\u00eb standartet europiane, performanca dhe cil\u00ebsia e lart\u00eb, sh\u00ebrbimi profesional dhe dedikimi, teknologjia m\u00eb e lart\u00eb europiane n\u00eb t\u00eb gjitha fazat e prodhimit si edhe shum\u00ebllojshmeria e copave t\u00eb cilat i pershtaten te gjitha shijeve te konsumatoreve, jan\u00eb arsyet pse duhet te na zgjidhni ne.<\/span>[\/vc_column_text][vc_btn title=&#8221;RRETH NESH&#8221; style=&#8221;gradient-custom&#8221; gradient_custom_color_1=&#8221;#972022&#8243; gradient_custom_color_2=&#8221;#964c4f&#8221; shape=&#8221;round&#8221; align=&#8221;left&#8221; link=&#8221;url:%2Findex.php%2Frreth-nesh%2F|||&#8221;][\/vc_column][\/vc_row][vc_row type=&#8221;vc_default&#8221; full_width=&#8221;stretch_row&#8221; bg_type=&#8221;image&#8221; parallax_style=&#8221;vcpb-default&#8221; bg_image_new=&#8221;id^24|url^https:\/\/bibtex.al\/wp-content\/uploads\/2017\/09\/Capture.jpg|caption^null|alt^null|title^null|description^null&#8221; bg_image_repeat=&#8221;no-repeat&#8221; bg_override=&#8221;ex-full&#8221;][vc_column][vc_row_inner][vc_column_inner width=&#8221;1\/4&#8243;][\/vc_column_inner][vc_column_inner width=&#8221;1\/2&#8243;][vc_custom_heading text=&#8221;SH\u00cbRBIMET TONA&#8221; font_container=&#8221;tag:h4|text_align:center|color:%23ffffff&#8221; google_fonts=&#8221;font_family:Arimo%3Aregular%2Citalic%2C700%2C700italic|font_style:700%20bold%20regular%3A700%3Anormal&#8221;][vc_custom_heading text=&#8221;\u00c7FAR\u00cb OFROJM\u00cb P\u00cbR JU&#8221; font_container=&#8221;tag:h2|font_size:30px|text_align:center|color:%23ffffff&#8221; google_fonts=&#8221;font_family:Merienda%3Aregular%2C700|font_style:700%20bold%20regular%3A700%3Anormal&#8221;][vc_separator style=&#8221;shadow&#8221; border_width=&#8221;3&#8243; el_width=&#8221;30&#8243;][\/vc_column_inner][vc_column_inner width=&#8221;1\/4&#8243;][\/vc_column_inner][\/vc_row_inner][vc_empty_space height=&#8221;5px&#8221;][vc_row_inner][vc_column_inner width=&#8221;1\/3&#8243;]<div class=\"ult-content-box-container \" >\t\t<div class=\"ult-content-box\" style=\"box-shadow: px px px px #f7f7f7 none;-webkit-transition: all 700ms ease;-moz-transition: all 700ms ease;-ms-transition: all 700ms ease;-o-transition: all 700ms ease;transition: all 700ms ease;\"  data-hover_bg_color=\"#ebe2d0\"  data-hover_box_shadow=\"none\"    >[vc_single_image image=&#8221;27&#8243; img_size=&#8221;full&#8221; alignment=&#8221;center&#8221; image_hovers=&#8221;false&#8221;][vc_empty_space height=&#8221;20px&#8221; css=&#8221;.vc_custom_1504537588038{margin-top: -35px !important;background-color: #ebe2d0 !important;}&#8221;][vc_custom_heading text=&#8221;DAMASQE&#8221; font_container=&#8221;tag:h2|font_size:25px|text_align:center|color:%23000000&#8243; google_fonts=&#8221;font_family:Merienda%3Aregular%2C700|font_style:700%20bold%20regular%3A700%3Anormal&#8221; css=&#8221;.vc_custom_1504537734618{margin-top: -7px !important;background-color: #ebe2d0 !important;}&#8221;][vc_empty_space height=&#8221;10px&#8221; css=&#8221;.vc_custom_1504537613708{margin-top: -13px !important;background-color: #ebe2d0 !important;}&#8221;][vc_column_text css=&#8221;.vc_custom_1504689316723{padding-right: 25px !important;padding-left: 25px !important;background-color: #ebe2d0 !important;}&#8221;]<\/p>\n<p style=\"text-align: center\"><span style=\"color: #000000\">Shum\u00ebllojshm\u00ebri copash damasku, kombinime t\u00eb k\u00ebndshme ngjyrash dhe formash p\u00ebr nj\u00eb arredim unik.<\/span><\/p>\n<p>[\/vc_column_text][vc_empty_space height=&#8221;35px&#8221; css=&#8221;.vc_custom_1504537680663{margin-top: -35px !important;background-color: #ebe2d0 !important;}&#8221;][vc_btn title=&#8221;M\u00eb tep\u00ebr&#8221; style=&#8221;gradient-custom&#8221; gradient_custom_color_1=&#8221;#972022&#8243; gradient_custom_color_2=&#8221;#964c4f&#8221; shape=&#8221;square&#8221; align=&#8221;center&#8221; css=&#8221;.vc_custom_1526463976602{background-color: #ebe2d0 !important;}&#8221; link=&#8221;url:https%3A%2F%2Fbibtex.al%2Findex.php%2Fdamasqe%2F|||&#8221;]\t\t<\/div><\/div>[\/vc_column_inner][vc_column_inner width=&#8221;1\/3&#8243;]<div class=\"ult-content-box-container \" >\t\t<div class=\"ult-content-box\" style=\"box-shadow: px px px px rgb(247, 247, 247) none;-webkit-transition: all 700ms ease;-moz-transition: all 700ms ease;-ms-transition: all 700ms ease;-o-transition: all 700ms ease;transition: all 700ms ease;\"  data-hover_bg_color=\"#ebe2d0\"  data-hover_box_shadow=\"none\"    >[vc_single_image image=&#8221;1267&#8243; img_size=&#8221;full&#8221; alignment=&#8221;center&#8221; image_hovers=&#8221;false&#8221;][vc_empty_space height=&#8221;20px&#8221; css=&#8221;.vc_custom_1504537588038{margin-top: -35px !important;background-color: #ebe2d0 !important;}&#8221;][vc_custom_heading text=&#8221;TAPETE&#8221; font_container=&#8221;tag:h2|font_size:25px|text_align:center|color:%23000000&#8243; google_fonts=&#8221;font_family:Merienda%3Aregular%2C700|font_style:700%20bold%20regular%3A700%3Anormal&#8221; css=&#8221;.vc_custom_1526464053868{margin-top: -7px !important;background-color: #ebe2d0 !important;}&#8221; link=&#8221;url:https%3A%2F%2Fbibtex.al%2Findex.php%2Ftapete%2F|||&#8221;][vc_empty_space height=&#8221;10px&#8221; css=&#8221;.vc_custom_1504537613708{margin-top: -13px !important;background-color: #ebe2d0 !important;}&#8221;][vc_column_text css=&#8221;.vc_custom_1526464348539{padding-right: 25px !important;padding-left: 25px !important;background-color: #ebe2d0 !important;}&#8221;]<\/p>\n<p style=\"text-align: center\"><span style=\"color: #000000\">Ofrojm\u00eb p\u00ebr ju forma t\u00eb ndryshme tapetesh plot stil, me dizajne fantastike dhe p\u00ebr \u00e7do lloj ambjenti.<\/span><\/p>\n<p>[\/vc_column_text][vc_empty_space height=&#8221;35px&#8221; css=&#8221;.vc_custom_1504537680663{margin-top: -35px !important;background-color: #ebe2d0 !important;}&#8221;][vc_btn title=&#8221;M\u00eb tep\u00ebr&#8221; style=&#8221;gradient-custom&#8221; gradient_custom_color_1=&#8221;#972022&#8243; gradient_custom_color_2=&#8221;#964c4f&#8221; shape=&#8221;square&#8221; align=&#8221;center&#8221; css=&#8221;.vc_custom_1504689393935{background-color: #ebe2d0 !important;}&#8221; link=&#8221;url:%2Findex.php%2Fjastek%2F|||&#8221;]\t\t<\/div><\/div>[\/vc_column_inner][vc_column_inner width=&#8221;1\/3&#8243;]<div class=\"ult-content-box-container \" >\t\t<div class=\"ult-content-box\" style=\"box-shadow: px px px px rgb(247, 247, 247) none;-webkit-transition: all 700ms ease;-moz-transition: all 700ms ease;-ms-transition: all 700ms ease;-o-transition: all 700ms ease;transition: all 700ms ease;\"  data-hover_bg_color=\"#ebe2d0\"  data-hover_box_shadow=\"none\"    >[vc_single_image image=&#8221;26&#8243; img_size=&#8221;full&#8221; alignment=&#8221;center&#8221; image_hovers=&#8221;false&#8221;][vc_empty_space height=&#8221;20px&#8221; css=&#8221;.vc_custom_1504537588038{margin-top: -35px !important;background-color: #ebe2d0 !important;}&#8221;][vc_custom_heading text=&#8221;PERDE&#8221; font_container=&#8221;tag:h2|font_size:25px|text_align:center|color:%23000000&#8243; google_fonts=&#8221;font_family:Merienda%3Aregular%2C700|font_style:700%20bold%20regular%3A700%3Anormal&#8221; css=&#8221;.vc_custom_1504537417713{margin-top: -7px !important;background-color: #ebe2d0 !important;}&#8221;][vc_empty_space height=&#8221;10px&#8221; css=&#8221;.vc_custom_1504537613708{margin-top: -13px !important;background-color: #ebe2d0 !important;}&#8221;][vc_column_text css=&#8221;.vc_custom_1504689358576{padding-right: 25px !important;padding-left: 25px !important;background-color: #ebe2d0 !important;}&#8221;]<\/p>\n<p style=\"text-align: center\"><span style=\"color: #000000\">Larmishm\u00ebri zgjedhjeje, p\u00ebrmasa si edhe modele e materiale fantastike perdesh p\u00ebr ambjentet tuaja.<\/span><\/p>\n<p>[\/vc_column_text][vc_empty_space height=&#8221;35px&#8221; css=&#8221;.vc_custom_1504537680663{margin-top: -35px !important;background-color: #ebe2d0 !important;}&#8221;][vc_btn title=&#8221;M\u00eb tep\u00ebr&#8221; style=&#8221;gradient-custom&#8221; gradient_custom_color_1=&#8221;#972022&#8243; gradient_custom_color_2=&#8221;#964c4f&#8221; shape=&#8221;square&#8221; align=&#8221;center&#8221; css=&#8221;.vc_custom_1504689369293{background-color: #ebe2d0 !important;}&#8221; link=&#8221;url:%2Findex.php%2Fperde%2F|||&#8221;]\t\t<\/div><\/div>[\/vc_column_inner][\/vc_row_inner][vc_empty_space height=&#8221;20px&#8221;][\/vc_column][\/vc_row][vc_row][vc_column width=&#8221;1\/2&#8243;][vc_empty_space height=&#8221;40px&#8221;][vc_custom_heading text=&#8221;NJIHUNI ME&#8221; font_container=&#8221;tag:h4|text_align:left|color:%23972022&#8243; google_fonts=&#8221;font_family:Arimo%3Aregular%2Citalic%2C700%2C700italic|font_style:700%20bold%20regular%3A700%3Anormal&#8221;][vc_custom_heading text=&#8221;PRO\u00c7ESET E PRODHIMIT&#8221; font_container=&#8221;tag:h2|font_size:38px|text_align:left|color:%23000000&#8243; google_fonts=&#8221;font_family:Merienda%3Aregular%2C700|font_style:700%20bold%20regular%3A700%3Anormal&#8221;][vc_empty_space height=&#8221;10px&#8221;][vc_row_inner][vc_column_inner width=&#8221;5\/6&#8243;][vc_column_text]<\/p>\n<p style=\"text-align: left\"><span style=\"color: #000000\">Bibtex ka caktuar nj\u00eb ekip t\u00eb plot\u00eb dhe t\u00eb dedikuar n\u00eb te gjitha fazat e prodhimit, duke i dh\u00ebn\u00eb nj\u00eb r\u00ebnd\u00ebsi maksimale k\u00ebsaj pjese, p\u00ebr krijimin e copave cil\u00ebsore, rezistente dhe me dizajne unike. Bibtex siguron nj\u00eb pro\u00e7es t\u00eb plot\u00eb: nga prodhimi i fijeve e deri tek paketimi p\u00ebr mbrojtje nga d\u00ebmtimet. <\/span><\/p>\n<p>[\/vc_column_text][\/vc_column_inner][vc_column_inner width=&#8221;1\/6&#8243;][\/vc_column_inner][\/vc_row_inner][\/vc_column][vc_column width=&#8221;1\/2&#8243;][vc_single_image image=&#8221;47&#8243; img_size=&#8221;full&#8221; alignment=&#8221;center&#8221; css_animation=&#8221;fadeInRight&#8221; image_hovers=&#8221;false&#8221;][vc_custom_heading text=&#8221;Prodhimi i fijeve&#8221; font_container=&#8221;tag:h2|font_size:25px|text_align:center|color:%23000000&#8243; google_fonts=&#8221;font_family:Merienda%3Aregular%2C700|font_style:700%20bold%20regular%3A700%3Anormal&#8221; css=&#8221;.vc_custom_1504607640285{margin-top: -35px !important;}&#8221;][\/vc_column][\/vc_row][vc_row][vc_column][vc_empty_space height=&#8221;10px&#8221;]<div id=\"ult-carousel-100312906369e57eb2787d7\" class=\"ult-carousel-wrapper   ult_horizontal\" data-gutter=\"15\" data-rtl=\"false\" ><div class=\"ult-carousel-176577484369e57eb2786f1 \" ><div class=\"ult-item-wrap\" data-animation=\"animated no-animation\"><div class=\"ult-content-box-container \" >\t\t<div class=\"ult-content-box\" style=\"box-shadow: px px px px rgb(247, 247, 247) none;-webkit-transition: all 700ms ease;-moz-transition: all 700ms ease;-ms-transition: all 700ms ease;-o-transition: all 700ms ease;transition: all 700ms ease;\"  data-hover_box_shadow=\"none\"    >[vc_single_image image=&#8221;41&#8243; img_size=&#8221;full&#8221; alignment=&#8221;center&#8221; style=&#8221;vc_box_border_circle_2&#8243; css_animation=&#8221;fadeInUp&#8221; image_hovers=&#8221;false&#8221;][vc_empty_space height=&#8221;10px&#8221;][vc_custom_heading text=&#8221;Ngjyrosja e fijeve&#8221; font_container=&#8221;tag:h2|font_size:22px|text_align:center|color:%23000000&#8243; google_fonts=&#8221;font_family:Merienda%3Aregular%2C700|font_style:700%20bold%20regular%3A700%3Anormal&#8221; css_animation=&#8221;fadeInUp&#8221; css=&#8221;.vc_custom_1504607160058{margin-top: -7px !important;}&#8221;]\t\t<\/div><\/div><\/div><div class=\"ult-item-wrap\" data-animation=\"animated no-animation\"><div class=\"ult-content-box-container \" >\t\t<div class=\"ult-content-box\" style=\"box-shadow: px px px px rgb(247, 247, 247) none;-webkit-transition: all 700ms ease;-moz-transition: all 700ms ease;-ms-transition: all 700ms ease;-o-transition: all 700ms ease;transition: all 700ms ease;\"  data-hover_box_shadow=\"none\"    >[vc_single_image image=&#8221;42&#8243; img_size=&#8221;full&#8221; alignment=&#8221;center&#8221; style=&#8221;vc_box_border_circle_2&#8243; css_animation=&#8221;fadeInUp&#8221; image_hovers=&#8221;false&#8221;][vc_empty_space height=&#8221;10px&#8221;][vc_custom_heading text=&#8221;Warping&#8221; font_container=&#8221;tag:h2|font_size:22px|text_align:center|color:%23000000&#8243; google_fonts=&#8221;font_family:Merienda%3Aregular%2C700|font_style:700%20bold%20regular%3A700%3Anormal&#8221; css_animation=&#8221;fadeInUp&#8221; css=&#8221;.vc_custom_1504607215224{margin-top: -7px !important;}&#8221;]\t\t<\/div><\/div><\/div><div class=\"ult-item-wrap\" data-animation=\"animated no-animation\"><div class=\"ult-content-box-container \" >\t\t<div class=\"ult-content-box\" style=\"box-shadow: px px px px rgb(247, 247, 247) none;-webkit-transition: all 700ms ease;-moz-transition: all 700ms ease;-ms-transition: all 700ms ease;-o-transition: all 700ms ease;transition: all 700ms ease;\"  data-hover_box_shadow=\"none\"    >[vc_single_image image=&#8221;43&#8243; img_size=&#8221;full&#8221; alignment=&#8221;center&#8221; style=&#8221;vc_box_border_circle_2&#8243; css_animation=&#8221;fadeInUp&#8221; image_hovers=&#8221;false&#8221;][vc_empty_space height=&#8221;10px&#8221;][vc_custom_heading text=&#8221;Ngjyrosja e cop\u00ebs&#8221; font_container=&#8221;tag:h2|font_size:22px|text_align:center|color:%23000000&#8243; google_fonts=&#8221;font_family:Merienda%3Aregular%2C700|font_style:700%20bold%20regular%3A700%3Anormal&#8221; css_animation=&#8221;fadeInUp&#8221; css=&#8221;.vc_custom_1504607239739{margin-top: -7px !important;}&#8221;]\t\t<\/div><\/div><\/div><div class=\"ult-item-wrap\" data-animation=\"animated no-animation\"><div class=\"ult-content-box-container \" >\t\t<div class=\"ult-content-box\" style=\"box-shadow: px px px px rgb(247, 247, 247) none;-webkit-transition: all 700ms ease;-moz-transition: all 700ms ease;-ms-transition: all 700ms ease;-o-transition: all 700ms ease;transition: all 700ms ease;\"  data-hover_box_shadow=\"none\"    >[vc_single_image image=&#8221;44&#8243; img_size=&#8221;full&#8221; alignment=&#8221;center&#8221; style=&#8221;vc_box_border_circle_2&#8243; css_animation=&#8221;fadeInUp&#8221; image_hovers=&#8221;false&#8221;][vc_empty_space height=&#8221;10px&#8221;][vc_custom_heading text=&#8221;P\u00ebrfundimi &amp; veshja&#8221; font_container=&#8221;tag:h2|font_size:22px|text_align:center|color:%23000000&#8243; google_fonts=&#8221;font_family:Merienda%3Aregular%2C700|font_style:700%20bold%20regular%3A700%3Anormal&#8221; css_animation=&#8221;fadeInUp&#8221; css=&#8221;.vc_custom_1504607261286{margin-top: -7px !important;}&#8221;]\t\t<\/div><\/div><\/div><\/div><\/div>\t\t\t<script type=\"text\/javascript\">\n\t\t\t\tjQuery(document).ready(function ($) {\n\t\t\t\t\tif( typeof jQuery('.ult-carousel-176577484369e57eb2786f1').slick == \"function\"){\n\t\t\t\t\t\t$('.ult-carousel-176577484369e57eb2786f1').slick({dots: false,autoplay: true,autoplaySpeed: \"3000\",speed: \"3000\",infinite: true,arrows: false,slidesToScroll:4,slidesToShow:4,swipe: true,draggable: true,touchMove: true,pauseOnHover: true,pauseOnFocus: false,responsive: [\n\t\t\t\t\t\t\t{\n\t\t\t\t\t\t\t  breakpoint: 1026,\n\t\t\t\t\t\t\t  settings: {\n\t\t\t\t\t\t\t\tslidesToShow: 4,\n\t\t\t\t\t\t\t\tslidesToScroll: 4,  \n\t\t\t\t\t\t\t  }\n\t\t\t\t\t\t\t},\n\t\t\t\t\t\t\t{\n\t\t\t\t\t\t\t  breakpoint: 1025,\n\t\t\t\t\t\t\t  settings: {\n\t\t\t\t\t\t\t\tslidesToShow: 4,\n\t\t\t\t\t\t\t\tslidesToScroll: 4\n\t\t\t\t\t\t\t  }\n\t\t\t\t\t\t\t},\n\t\t\t\t\t\t\t{\n\t\t\t\t\t\t\t  breakpoint: 760,\n\t\t\t\t\t\t\t  settings: {\n\t\t\t\t\t\t\t\tslidesToShow: 1,\n\t\t\t\t\t\t\t\tslidesToScroll: 1\n\t\t\t\t\t\t\t  }\n\t\t\t\t\t\t\t}\n\t\t\t\t\t\t],pauseOnDotsHover: true,customPaging: function(slider, i) {\n                   return '<i type=\"button\" style= \"color:#333333;\" class=\"ultsl-record\" data-role=\"none\"><\/i>';\n                },});\n\t\t\t\t\t}\n\t\t\t\t});\n\t\t\t<\/script>\n\t\t\t[\/vc_column][\/vc_row][vc_row type=&#8221;vc_default&#8221; full_width=&#8221;stretch_row&#8221; bg_type=&#8221;image&#8221; parallax_style=&#8221;vcpb-default&#8221; bg_image_new=&#8221;id^48|url^https:\/\/bibtex.al\/wp-content\/uploads\/2017\/09\/DSC_0949.jpg|caption^null|alt^null|title^null|description^null&#8221; bg_image_repeat=&#8221;no-repeat&#8221; bg_img_attach=&#8221;fixed&#8221; bg_override=&#8221;ex-full&#8221; css=&#8221;.vc_custom_1504609729917{margin-bottom: -70px !important;padding-top: 100px !important;padding-bottom: 100px !important;}&#8221;][vc_column width=&#8221;3\/4&#8243;][vc_custom_heading text=&#8221;Sepse Realiteti Vjen Nga Imagjinata&#8221; font_container=&#8221;tag:h2|font_size:45px|text_align:left|color:%23ffffff&#8221; google_fonts=&#8221;font_family:Merienda%3Aregular%2C700|font_style:700%20bold%20regular%3A700%3Anormal&#8221;][vc_empty_space height=&#8221;15px&#8221;][vc_custom_heading text=&#8221;P\u00ebr m\u00eb tep\u00ebr informacion rreth nesh dhe veprimtaris\u00eb ton\u00eb, na kontaktoni&#8221; font_container=&#8221;tag:h4|font_size:20px|text_align:left|color:%23ffffff&#8221; google_fonts=&#8221;font_family:Arimo%3Aregular%2Citalic%2C700%2C700italic|font_style:700%20bold%20regular%3A700%3Anormal&#8221;][\/vc_column][vc_column width=&#8221;1\/4&#8243;][vc_empty_space][vc_btn title=&#8221;KONTAKTONI ME NE&#8221; style=&#8221;gradient-custom&#8221; gradient_custom_color_1=&#8221;#972022&#8243; gradient_custom_color_2=&#8221;#964c4f&#8221; shape=&#8221;round&#8221; size=&#8221;lg&#8221; align=&#8221;center&#8221; link=&#8221;url:%2Findex.php%2Fkontakt%2F|||&#8221;][\/vc_column][\/vc_row]<\/p>\n<\/div>","protected":false},"excerpt":{"rendered":"<p>[vc_row][vc_column width=&#8221;1\/2&#8243;][vc_single_image image=&#8221;535&#8243; img_size=&#8221;full&#8221; alignment=&#8221;center&#8221; image_hovers=&#8221;false&#8221;][\/vc_column][vc_column width=&#8221;1\/2&#8243;][vc_empty_space height=&#8221;10px&#8221;][vc_custom_heading text=&#8221;MIR\u00cbSEVINI N\u00cb BIBTEX ALBANIA&#8221; font_container=&#8221;tag:h4|text_align:left|color:%23972022&#8243; google_fonts=&#8221;font_family:Arimo%3Aregular%2Citalic%2C700%2C700italic|font_style:700%20bold%20regular%3A700%3Anormal&#8221;][vc_custom_heading text=&#8221;KOMPLETO STILIN T\u00cbND T\u00cb ARREDIMIT&#8221; font_container=&#8221;tag:h2|font_size:38px|text_align:left|color:%23000000&#8243; google_fonts=&#8221;font_family:Merienda%3Aregular%2C700|font_style:700%20bold%20regular%3A700%3Anormal&#8221;][vc_empty_space height=&#8221;10px&#8221;][vc_column_text]Bibtex \u00ebsht\u00eb kompania e cila ju ofron jo thjesht p\u00eblhura dhe tapiceri, por thjesht \u00ebsht\u00eb ajo q\u00eb juve ju nevojitet p\u00ebr arredimin e ambjenteve tuaja. Dizajnet e reja, testimet laboratorike t\u00eb plota bazuar n\u00eb&hellip;<\/p>\n","protected":false},"author":4,"featured_media":0,"parent":0,"menu_order":0,"comment_status":"closed","ping_status":"closed","template":"","meta":{"footnotes":""},"class_list":["post-8","page","type-page","status-publish","hentry","description-off"],"_links":{"self":[{"href":"https:\/\/bibtex.al\/index.php\/wp-json\/wp\/v2\/pages\/8","targetHints":{"allow":["GET"]}}],"collection":[{"href":"https:\/\/bibtex.al\/index.php\/wp-json\/wp\/v2\/pages"}],"about":[{"href":"https:\/\/bibtex.al\/index.php\/wp-json\/wp\/v2\/types\/page"}],"author":[{"embeddable":true,"href":"https:\/\/bibtex.al\/index.php\/wp-json\/wp\/v2\/users\/4"}],"replies":[{"embeddable":true,"href":"https:\/\/bibtex.al\/index.php\/wp-json\/wp\/v2\/comments?post=8"}],"version-history":[{"count":13,"href":"https:\/\/bibtex.al\/index.php\/wp-json\/wp\/v2\/pages\/8\/revisions"}],"predecessor-version":[{"id":1579,"href":"https:\/\/bibtex.al\/index.php\/wp-json\/wp\/v2\/pages\/8\/revisions\/1579"}],"wp:attachment":[{"href":"https:\/\/bibtex.al\/index.php\/wp-json\/wp\/v2\/media?parent=8"}],"curies":[{"name":"wp","href":"https:\/\/api.w.org\/{rel}","templated":true}]}}