{"id":77,"date":"2017-09-05T13:05:12","date_gmt":"2017-09-05T13:05:12","guid":{"rendered":"http:\/\/bibtex.al\/?page_id=77"},"modified":"2017-09-06T08:07:30","modified_gmt":"2017-09-06T08:07:30","slug":"produktet","status":"publish","type":"page","link":"https:\/\/bibtex.al\/index.php\/produktet\/","title":{"rendered":"Produktet"},"content":{"rendered":"<div class=\"wpb-content-wrapper\"><p>[vc_row type=&#8221;vc_default&#8221; full_width=&#8221;stretch_row&#8221; bg_type=&#8221;image&#8221; parallax_style=&#8221;vcpb-default&#8221; bg_image_new=&#8221;id^82|url^https:\/\/bibtex.al\/wp-content\/uploads\/2017\/09\/12-1.jpg|caption^null|alt^null|title^null|description^null&#8221; bg_image_repeat=&#8221;no-repeat&#8221; bg_override=&#8221;ex-full&#8221; css=&#8221;.vc_custom_1504616170967{margin-top: -70px !important;margin-bottom: -70px !important;}&#8221;][vc_column][vc_empty_space][vc_row_inner][vc_column_inner width=&#8221;1\/3&#8243;]<div class=\"ult-content-box-container \" >\t\t<div class=\"ult-content-box\" style=\"box-shadow: px px px px #f7f7f7 none;-webkit-transition: all 700ms ease;-moz-transition: all 700ms ease;-ms-transition: all 700ms ease;-o-transition: all 700ms ease;transition: all 700ms ease;\"  data-hover_bg_color=\"#ebe2d0\"  data-hover_box_shadow=\"none\"    >[vc_single_image image=&#8221;27&#8243; img_size=&#8221;full&#8221; alignment=&#8221;center&#8221; image_hovers=&#8221;false&#8221;][vc_empty_space height=&#8221;20px&#8221; css=&#8221;.vc_custom_1504616550981{margin-top: -35px !important;background-color: #ead3a8 !important;}&#8221;][vc_custom_heading text=&#8221;DAMASQE&#8221; font_container=&#8221;tag:h2|font_size:25px|text_align:center|color:%23000000&#8243; google_fonts=&#8221;font_family:Merienda%3Aregular%2C700|font_style:700%20bold%20regular%3A700%3Anormal&#8221; css=&#8221;.vc_custom_1504684738871{margin-top: -7px !important;background-color: #ead3a8 !important;}&#8221;][vc_empty_space height=&#8221;10px&#8221; css=&#8221;.vc_custom_1504616565177{margin-top: -13px !important;background-color: #ead3a8 !important;}&#8221;][vc_column_text css=&#8221;.vc_custom_1504684775979{padding-right: 25px !important;padding-left: 25px !important;background-color: #ead3a8 !important;}&#8221;]<\/p>\n<p style=\"text-align: center;\"><span style=\"color: #000000;\">Shum\u00ebllojshm\u00ebri copash damasku, kombinime t\u00eb k\u00ebndshme ngjyrash dhe formash p\u00ebr nj\u00eb arredim unik.<\/span><\/p>\n<p>[\/vc_column_text][vc_empty_space height=&#8221;35px&#8221; css=&#8221;.vc_custom_1504616584102{margin-top: -35px !important;background-color: #ead3a8 !important;}&#8221;][vc_btn title=&#8221;M\u00eb tep\u00ebr&#8221; style=&#8221;gradient-custom&#8221; gradient_custom_color_1=&#8221;#972022&#8243; gradient_custom_color_2=&#8221;#964c4f&#8221; shape=&#8221;square&#8221; align=&#8221;center&#8221; css=&#8221;.vc_custom_1504684735155{background-color: #ead3a8 !important;}&#8221; link=&#8221;url:%2Findex.php%2Fdamasqe%2F|||&#8221;]\t\t<\/div><\/div>[\/vc_column_inner][vc_column_inner width=&#8221;1\/3&#8243;]<div class=\"ult-content-box-container \" >\t\t<div class=\"ult-content-box\" style=\"box-shadow: px px px px rgb(247, 247, 247) none;-webkit-transition: all 700ms ease;-moz-transition: all 700ms ease;-ms-transition: all 700ms ease;-o-transition: all 700ms ease;transition: all 700ms ease;\"  data-hover_bg_color=\"#ebe2d0\"  data-hover_box_shadow=\"none\"    >[vc_single_image image=&#8221;26&#8243; img_size=&#8221;full&#8221; alignment=&#8221;center&#8221; image_hovers=&#8221;false&#8221;][vc_empty_space height=&#8221;20px&#8221; css=&#8221;.vc_custom_1504616607973{margin-top: -35px !important;background-color: #ead3a8 !important;}&#8221;][vc_custom_heading text=&#8221;PERDE&#8221; font_container=&#8221;tag:h2|font_size:25px|text_align:center|color:%23000000&#8243; google_fonts=&#8221;font_family:Merienda%3Aregular%2C700|font_style:700%20bold%20regular%3A700%3Anormal&#8221; css=&#8221;.vc_custom_1504616614461{margin-top: -7px !important;background-color: #ead3a8 !important;}&#8221;][vc_empty_space height=&#8221;10px&#8221; css=&#8221;.vc_custom_1504616621874{margin-top: -13px !important;background-color: #ead3a8 !important;}&#8221;][vc_column_text css=&#8221;.vc_custom_1504685001168{padding-right: 25px !important;padding-left: 25px !important;background-color: #ead3a8 !important;}&#8221;]<\/p>\n<p style=\"text-align: center;\"><span style=\"color: #000000;\">Larmishm\u00ebri zgjedhjeje, p\u00ebrmasa si edhe modele e materiale fantastike perdesh p\u00ebr ambjentet tuaja.<\/span><\/p>\n<p>[\/vc_column_text][vc_empty_space height=&#8221;35px&#8221; css=&#8221;.vc_custom_1504616634477{margin-top: -35px !important;background-color: #ead3a8 !important;}&#8221;][vc_btn title=&#8221;M\u00eb tep\u00ebr&#8221; style=&#8221;gradient-custom&#8221; gradient_custom_color_1=&#8221;#972022&#8243; gradient_custom_color_2=&#8221;#964c4f&#8221; shape=&#8221;square&#8221; align=&#8221;center&#8221; css=&#8221;.vc_custom_1504685248243{background-color: #ead3a8 !important;}&#8221; link=&#8221;url:%2Findex.php%2Fperde%2F|||&#8221;]\t\t<\/div><\/div>[\/vc_column_inner][vc_column_inner width=&#8221;1\/3&#8243;]<div class=\"ult-content-box-container \" >\t\t<div class=\"ult-content-box\" style=\"box-shadow: px px px px rgb(247, 247, 247) none;-webkit-transition: all 700ms ease;-moz-transition: all 700ms ease;-ms-transition: all 700ms ease;-o-transition: all 700ms ease;transition: all 700ms ease;\"  data-hover_bg_color=\"#ebe2d0\"  data-hover_box_shadow=\"none\"    >[vc_single_image image=&#8221;28&#8243; img_size=&#8221;full&#8221; alignment=&#8221;center&#8221; image_hovers=&#8221;false&#8221;][vc_empty_space height=&#8221;20px&#8221; css=&#8221;.vc_custom_1504616656558{margin-top: -35px !important;background-color: #ead3a8 !important;}&#8221;][vc_custom_heading text=&#8221;JAST\u00cbK&#8221; font_container=&#8221;tag:h2|font_size:25px|text_align:center|color:%23000000&#8243; google_fonts=&#8221;font_family:Merienda%3Aregular%2C700|font_style:700%20bold%20regular%3A700%3Anormal&#8221; css=&#8221;.vc_custom_1504685239612{margin-top: -7px !important;background-color: #ead3a8 !important;}&#8221; link=&#8221;|||&#8221;][vc_empty_space height=&#8221;10px&#8221; css=&#8221;.vc_custom_1504616669271{margin-top: -13px !important;background-color: #ead3a8 !important;}&#8221;][vc_column_text css=&#8221;.vc_custom_1504685211335{padding-right: 25px !important;padding-left: 25px !important;background-color: #ead3a8 !important;}&#8221;]<\/p>\n<p style=\"text-align: center;\"><span style=\"color: #000000;\">Forma t\u00eb ndryshme jast\u00ebk\u00ebsh t\u00eb \u00e7do stili, tejet t\u00eb rehatsh\u00ebm dhe me dizajne fantastike. <\/span><\/p>\n<p>[\/vc_column_text][vc_empty_space height=&#8221;35px&#8221; css=&#8221;.vc_custom_1504616692231{margin-top: -35px !important;background-color: #ead3a8 !important;}&#8221;][vc_btn title=&#8221;M\u00eb tep\u00ebr&#8221; style=&#8221;gradient-custom&#8221; gradient_custom_color_1=&#8221;#972022&#8243; gradient_custom_color_2=&#8221;#964c4f&#8221; shape=&#8221;square&#8221; align=&#8221;center&#8221; css=&#8221;.vc_custom_1504685233407{background-color: #ead3a8 !important;}&#8221; link=&#8221;url:%2Findex.php%2Fjastek%2F|||&#8221;]\t\t<\/div><\/div>[\/vc_column_inner][\/vc_row_inner][vc_empty_space][\/vc_column][\/vc_row]<\/p>\n<\/div>","protected":false},"excerpt":{"rendered":"<p>[vc_row type=&#8221;vc_default&#8221; full_width=&#8221;stretch_row&#8221; bg_type=&#8221;image&#8221; parallax_style=&#8221;vcpb-default&#8221; bg_image_new=&#8221;id^82|url^https:\/\/bibtex.al\/wp-content\/uploads\/2017\/09\/12-1.jpg|caption^null|alt^null|title^null|description^null&#8221; bg_image_repeat=&#8221;no-repeat&#8221; bg_override=&#8221;ex-full&#8221; css=&#8221;.vc_custom_1504616170967{margin-top: -70px !important;margin-bottom: -70px !important;}&#8221;][vc_column][vc_empty_space][vc_row_inner][vc_column_inner width=&#8221;1\/3&#8243;][\/vc_column_inner][vc_column_inner width=&#8221;1\/3&#8243;][\/vc_column_inner][vc_column_inner width=&#8221;1\/3&#8243;][\/vc_column_inner][\/vc_row_inner][vc_empty_space][\/vc_column][\/vc_row]<\/p>\n","protected":false},"author":4,"featured_media":0,"parent":0,"menu_order":0,"comment_status":"closed","ping_status":"closed","template":"","meta":{"footnotes":""},"class_list":["post-77","page","type-page","status-publish","hentry","description-off"],"_links":{"self":[{"href":"https:\/\/bibtex.al\/index.php\/wp-json\/wp\/v2\/pages\/77","targetHints":{"allow":["GET"]}}],"collection":[{"href":"https:\/\/bibtex.al\/index.php\/wp-json\/wp\/v2\/pages"}],"about":[{"href":"https:\/\/bibtex.al\/index.php\/wp-json\/wp\/v2\/types\/page"}],"author":[{"embeddable":true,"href":"https:\/\/bibtex.al\/index.php\/wp-json\/wp\/v2\/users\/4"}],"replies":[{"embeddable":true,"href":"https:\/\/bibtex.al\/index.php\/wp-json\/wp\/v2\/comments?post=77"}],"version-history":[{"count":15,"href":"https:\/\/bibtex.al\/index.php\/wp-json\/wp\/v2\/pages\/77\/revisions"}],"predecessor-version":[{"id":471,"href":"https:\/\/bibtex.al\/index.php\/wp-json\/wp\/v2\/pages\/77\/revisions\/471"}],"wp:attachment":[{"href":"https:\/\/bibtex.al\/index.php\/wp-json\/wp\/v2\/media?parent=77"}],"curies":[{"name":"wp","href":"https:\/\/api.w.org\/{rel}","templated":true}]}}