{"id":480,"date":"2017-09-06T09:10:14","date_gmt":"2017-09-06T09:10:14","guid":{"rendered":"http:\/\/bibtex.al\/?page_id=480"},"modified":"2019-10-29T13:30:34","modified_gmt":"2019-10-29T13:30:34","slug":"kontakt","status":"publish","type":"page","link":"https:\/\/bibtex.al\/index.php\/kontakt\/","title":{"rendered":"Kontakt"},"content":{"rendered":"<div class=\"wpb-content-wrapper\"><p>[vc_row type=&#8221;vc_default&#8221; full_width=&#8221;stretch_row_content_no_spaces&#8221; css=&#8221;.vc_custom_1504686836156{margin-top: -70px !important;}&#8221;][vc_column][vc_empty_space height=&#8221;20px&#8221;][\/vc_column][\/vc_row][vc_row][vc_column width=&#8221;1\/2&#8243;][vc_custom_heading text=&#8221;P\u00ebr m\u00eb shum\u00eb informacion, na kontaktoni&#8221; font_container=&#8221;tag:h2|font_size:26px|text_align:left|color:%23000000&#8243; google_fonts=&#8221;font_family:Merienda%3Aregular%2C700|font_style:700%20bold%20regular%3A700%3Anormal&#8221;]<form class=\"dt-contact-form dt-form\" method=\"post\"><input type=\"hidden\" name=\"widget_id\" value=\"presscore-contact-form-widget--1\" \/><input type=\"hidden\" name=\"send_message\" value=\"\" \/><input type=\"hidden\" name=\"security_token\" value=\"\"\/><div class=\"form-fields\"><span class=\"form-name\"><label class=\"assistive-text\">Name<\/label><input type=\"text\" placeholder=\"Name\" name=\"name\" value=\"\" aria-required=\"false\">\n<\/span><span class=\"form-mail\"><label class=\"assistive-text\">E-mail *<\/label><input type=\"text\" class=\"validate[required,custom[email]]\" placeholder=\"E-mail *\" name=\"email\" value=\"\" aria-required=\"true\">\n<\/span><span class=\"form-telephone\"><label class=\"assistive-text\">Telephone<\/label><input type=\"text\" placeholder=\"Telephone\" name=\"telephone\" value=\"\" aria-required=\"false\">\n<\/span><\/div><span class=\"form-message\"><label class=\"assistive-text\">Message *<\/label><textarea class=\"validate[required]\" placeholder=\"Message *\" name=\"message\" rows=\"6\" aria-required=\"true\"><\/textarea>\n<\/span><p><a href=\"#\" class=\"dt-btn dt-btn-m dt-btn-submit\" rel=\"nofollow\"><span>D\u00ebrgo mesazhin<\/span><\/a><input class=\"assistive-text\" type=\"submit\" value=\"submit\"><\/p><\/form>\n[\/vc_column][vc_column width=&#8221;1\/2&#8243;][vc_gmaps link=&#8221;#E-8_JTNDaWZyYW1lJTIwc3JjJTNEJTIyaHR0cHMlM0ElMkYlMkZ3d3cuZ29vZ2xlLmNvbSUyRm1hcHMlMkZlbWJlZCUzRnBiJTNEJTIxMW0xNCUyMTFtOCUyMTFtMyUyMTFkMTE5ODAuMjU2Mjk4NjM3OTIlMjEyZDE5Ljc1NjgwOCUyMTNkNDEuMzUwOTYxJTIxM20yJTIxMWkxMDI0JTIxMmk3NjglMjE0ZjEzLjElMjEzbTMlMjExbTIlMjExczB4MCUyNTNBMHgxNDA5YjZhNTdjZDk5YjlhJTIxMnNCSUJURVglMjE1ZTAlMjEzbTIlMjExc2VuJTIxMnN1cyUyMTR2MTUwNDY4Njc2NTUwMSUyMiUyMHdpZHRoJTNEJTIyNjAwJTIyJTIwaGVpZ2h0JTNEJTIyNDUwJTIyJTIwZnJhbWVib3JkZXIlM0QlMjIwJTIyJTIwc3R5bGUlM0QlMjJib3JkZXIlM0EwJTIyJTIwYWxsb3dmdWxsc2NyZWVuJTNFJTNDJTJGaWZyYW1lJTNF&#8221;][\/vc_column][\/vc_row][vc_row][vc_column][vc_empty_space height=&#8221;20px&#8221;][\/vc_column][\/vc_row][vc_row][vc_column width=&#8221;1\/2&#8243;][vc_custom_heading text=&#8221;Tiran\u00eb&#8221; font_container=&#8221;tag:h2|font_size:23px|text_align:left|color:%23000000&#8243; google_fonts=&#8221;font_family:Bitter%3Aregular%2Citalic%2C700|font_style:400%20regular%3A400%3Anormal&#8221;][vc_separator color=&#8221;custom&#8221; align=&#8221;align_left&#8221; border_width=&#8221;2&#8243; el_width=&#8221;10&#8243; accent_color=&#8221;#ab2524&#8243; css=&#8221;.vc_custom_1504688296150{margin-top: -15px !important;}&#8221;]<div class=\"aio-icon-component    style_1\"><div id=\"Info-box-wrap-6395\" class=\"aio-icon-box left-icon\" style=\"\"  ><div class=\"aio-icon-left\"><div class=\"ult-just-icon-wrapper  \"><div class=\"align-icon\" style=\"text-align:center;\">\n<div class=\"aio-icon-img \" style=\"font-size:32px;background:#ffffff;border-style:solid;border-color:#000000;border-width:2px;padding:10px;border-radius:50px;display:inline-block;\" data-animation=\"fadeInDown\" data-animation-delay=\"03\">\n\t<img decoding=\"async\" class=\"img-icon\" alt=\"null\" src=\"https:\/\/bibtex.al\/wp-content\/uploads\/2017\/09\/facebook-placeholder-for-locate-places-on-maps-3.png\"\/>\n<\/div><\/div><\/div><\/div><div class=\"aio-ibd-block\"><div class=\"aio-icon-description ult-responsive\"  data-ultimate-target='#Info-box-wrap-6395 .aio-icon-description'  data-responsive-json-new='{\"font-size\":\"\",\"line-height\":\"\"}'  style=\"\"><span style=\"font-size: 18px;\"><strong><span style=\"color: #000000;\">Adresa:<\/span><\/strong><\/span><span style=\"color: #000000; font-size: 17px;\"> Kthesa e Kamzes, Tirane , Albania<\/span><\/div> <!-- description --><\/div> <!-- aio-ibd-block --><\/div> <!-- aio-icon-box --><\/div> <!-- aio-icon-component --><div class=\"aio-icon-component  vc_custom_1504687929691   style_1\"><div id=\"Info-box-wrap-2209\" class=\"aio-icon-box left-icon\" style=\"\"  ><div class=\"aio-icon-left\"><div class=\"ult-just-icon-wrapper  \"><div class=\"align-icon\" style=\"text-align:center;\">\n<div class=\"aio-icon-img \" style=\"font-size:32px;background:#ffffff;border-style:solid;border-color:#000000;border-width:2px;padding:10px;border-radius:50px;display:inline-block;\" data-animation=\"fadeInDown\" data-animation-delay=\"03\">\n\t<img decoding=\"async\" class=\"img-icon\" alt=\"null\" src=\"https:\/\/bibtex.al\/wp-content\/uploads\/2017\/09\/telephone.png\"\/>\n<\/div><\/div><\/div><\/div><div class=\"aio-ibd-block\"><div class=\"aio-icon-description ult-responsive\"  data-ultimate-target='#Info-box-wrap-2209 .aio-icon-description'  data-responsive-json-new='{\"font-size\":\"\",\"line-height\":\"\"}'  style=\"\"><span style=\"font-size: 18px;\"><strong><span style=\"color: #000000;\">Tel:<\/span><\/strong><\/span><span style=\"color: #000000; font-size: 17px;\"> +355 4 223 5526<\/span><\/div> <!-- description --><\/div> <!-- aio-ibd-block --><\/div> <!-- aio-icon-box --><\/div> <!-- aio-icon-component --><div class=\"aio-icon-component  vc_custom_1504687947164   style_1\"><div id=\"Info-box-wrap-8092\" class=\"aio-icon-box left-icon\" style=\"\"  ><div class=\"aio-icon-left\"><div class=\"ult-just-icon-wrapper  \"><div class=\"align-icon\" style=\"text-align:center;\">\n<div class=\"aio-icon-img \" style=\"font-size:32px;background:#ffffff;border-style:solid;border-color:#000000;border-width:2px;padding:10px;border-radius:50px;display:inline-block;\" data-animation=\"fadeInDown\" data-animation-delay=\"03\">\n\t<img decoding=\"async\" class=\"img-icon\" alt=\"null\" src=\"https:\/\/bibtex.al\/wp-content\/uploads\/2017\/09\/smartphone-call-2.png\"\/>\n<\/div><\/div><\/div><\/div><div class=\"aio-ibd-block\"><div class=\"aio-icon-description ult-responsive\"  data-ultimate-target='#Info-box-wrap-8092 .aio-icon-description'  data-responsive-json-new='{\"font-size\":\"\",\"line-height\":\"\"}'  style=\"\"><span style=\"font-size: 18px;\"><strong><span style=\"color: #000000;\">Mob:<\/span><\/strong><\/span><span style=\"color: #000000; font-size: 17px;\"> +355 67 20 56 561<\/span><br \/>\n<span style=\"color: #000000; font-size: 17px; padding-left: 49px;\"> +355 69 79 62 833<\/span><br \/>\n<span style=\"color: #000000; font-size: 17px; padding-left: 49px;\"> +355 68 90 24 499<\/span><\/div> <!-- description --><\/div> <!-- aio-ibd-block --><\/div> <!-- aio-icon-box --><\/div> <!-- aio-icon-component --><div class=\"aio-icon-component  vc_custom_1522938814362   style_1\"><div id=\"Info-box-wrap-3589\" class=\"aio-icon-box left-icon\" style=\"\"  ><div class=\"aio-icon-left\"><div class=\"ult-just-icon-wrapper  \"><div class=\"align-icon\" style=\"text-align:center;\">\n<div class=\"aio-icon-img \" style=\"font-size:32px;background:#ffffff;border-style:solid;border-color:#000000;border-width:2px;padding:10px;border-radius:50px;display:inline-block;\" data-animation=\"fadeInDown\" data-animation-delay=\"03\">\n\t<img decoding=\"async\" class=\"img-icon\" alt=\"null\" src=\"https:\/\/bibtex.al\/wp-content\/uploads\/2017\/09\/close-envelope-3.png\"\/>\n<\/div><\/div><\/div><\/div><div class=\"aio-ibd-block\"><div class=\"aio-icon-description ult-responsive\"  data-ultimate-target='#Info-box-wrap-3589 .aio-icon-description'  data-responsive-json-new='{\"font-size\":\"\",\"line-height\":\"\"}'  style=\"\"><span style=\"font-size: 18px;\"><strong><span style=\"color: #000000;\">E-mail:<\/span><\/strong><\/span><span style=\"color: #000000; font-size: 17px;\"> bibtex.al@yahoo.com<\/span><\/div> <!-- description --><\/div> <!-- aio-ibd-block --><\/div> <!-- aio-icon-box --><\/div> <!-- aio-icon-component -->[\/vc_column][vc_column width=&#8221;1\/2&#8243;][vc_custom_heading text=&#8221;Nik\u00ebl&#8221; font_container=&#8221;tag:h2|font_size:23px|text_align:left|color:%23000000&#8243; google_fonts=&#8221;font_family:Bitter%3Aregular%2Citalic%2C700|font_style:400%20regular%3A400%3Anormal&#8221;][vc_separator color=&#8221;custom&#8221; align=&#8221;align_left&#8221; border_width=&#8221;2&#8243; el_width=&#8221;10&#8243; accent_color=&#8221;#ab2524&#8243; css=&#8221;.vc_custom_1504688296150{margin-top: -15px !important;}&#8221;]<div class=\"aio-icon-component    style_1\"><div id=\"Info-box-wrap-1175\" class=\"aio-icon-box left-icon\" style=\"\"  ><div class=\"aio-icon-left\"><div class=\"ult-just-icon-wrapper  \"><div class=\"align-icon\" style=\"text-align:center;\">\n<div class=\"aio-icon-img \" style=\"font-size:28px;background:#ffffff;border-style:solid;border-color:#000000;border-width:2px;padding:8px;border-radius:50px;display:inline-block;\" data-animation=\"fadeInDown\" data-animation-delay=\"03\">\n\t<img decoding=\"async\" class=\"img-icon\" alt=\"null\" src=\"https:\/\/bibtex.al\/wp-content\/uploads\/2017\/09\/facebook-placeholder-for-locate-places-on-maps-4.png\"\/>\n<\/div><\/div><\/div><\/div><div class=\"aio-ibd-block\"><div class=\"aio-icon-description ult-responsive\"  data-ultimate-target='#Info-box-wrap-1175 .aio-icon-description'  data-responsive-json-new='{\"font-size\":\"\",\"line-height\":\"\"}'  style=\"\"><span style=\"font-size: 17px;\"><strong><span style=\"color: #000000;\">Adresa:<\/span><\/strong><\/span><span style=\"color: #000000; font-size: 16px;\"> Sip\u00ebr Mobileri &#8220;Cani&#8221;<\/span><\/div> <!-- description --><\/div> <!-- aio-ibd-block --><\/div> <!-- aio-icon-box --><\/div> <!-- aio-icon-component --><div class=\"aio-icon-component  vc_custom_1504688807929   style_1\"><div id=\"Info-box-wrap-1065\" class=\"aio-icon-box left-icon\" style=\"\"  ><div class=\"aio-icon-left\"><div class=\"ult-just-icon-wrapper  \"><div class=\"align-icon\" style=\"text-align:center;\">\n<div class=\"aio-icon-img \" style=\"font-size:28px;background:#ffffff;border-style:solid;border-color:#000000;border-width:2px;padding:8px;border-radius:50px;display:inline-block;\" data-animation=\"fadeInDown\" data-animation-delay=\"03\">\n\t<img decoding=\"async\" class=\"img-icon\" alt=\"null\" src=\"https:\/\/bibtex.al\/wp-content\/uploads\/2017\/09\/smartphone-call-2-1.png\"\/>\n<\/div><\/div><\/div><\/div><div class=\"aio-ibd-block\"><div class=\"aio-icon-description ult-responsive\"  data-ultimate-target='#Info-box-wrap-1065 .aio-icon-description'  data-responsive-json-new='{\"font-size\":\"\",\"line-height\":\"\"}'  style=\"\"><span style=\"font-size: 18px;\"><strong><span style=\"color: #000000;\">Mob:<\/span><\/strong><\/span><span style=\"color: #000000; font-size: 17px;\"> +355 68 90 24 427<\/span><\/div> <!-- description --><\/div> <!-- aio-ibd-block --><\/div> <!-- aio-icon-box --><\/div> <!-- aio-icon-component -->[\/vc_column][\/vc_row]<\/p>\n<\/div>","protected":false},"excerpt":{"rendered":"<p>[vc_row type=&#8221;vc_default&#8221; full_width=&#8221;stretch_row_content_no_spaces&#8221; css=&#8221;.vc_custom_1504686836156{margin-top: -70px !important;}&#8221;][vc_column][vc_empty_space height=&#8221;20px&#8221;][\/vc_column][\/vc_row][vc_row][vc_column width=&#8221;1\/2&#8243;][vc_custom_heading text=&#8221;P\u00ebr m\u00eb shum\u00eb informacion, na kontaktoni&#8221; font_container=&#8221;tag:h2|font_size:26px|text_align:left|color:%23000000&#8243; google_fonts=&#8221;font_family:Merienda%3Aregular%2C700|font_style:700%20bold%20regular%3A700%3Anormal&#8221;][\/vc_column][vc_column width=&#8221;1\/2&#8243;][vc_gmaps link=&#8221;#E-8_JTNDaWZyYW1lJTIwc3JjJTNEJTIyaHR0cHMlM0ElMkYlMkZ3d3cuZ29vZ2xlLmNvbSUyRm1hcHMlMkZlbWJlZCUzRnBiJTNEJTIxMW0xNCUyMTFtOCUyMTFtMyUyMTFkMTE5ODAuMjU2Mjk4NjM3OTIlMjEyZDE5Ljc1NjgwOCUyMTNkNDEuMzUwOTYxJTIxM20yJTIxMWkxMDI0JTIxMmk3NjglMjE0ZjEzLjElMjEzbTMlMjExbTIlMjExczB4MCUyNTNBMHgxNDA5YjZhNTdjZDk5YjlhJTIxMnNCSUJURVglMjE1ZTAlMjEzbTIlMjExc2VuJTIxMnN1cyUyMTR2MTUwNDY4Njc2NTUwMSUyMiUyMHdpZHRoJTNEJTIyNjAwJTIyJTIwaGVpZ2h0JTNEJTIyNDUwJTIyJTIwZnJhbWVib3JkZXIlM0QlMjIwJTIyJTIwc3R5bGUlM0QlMjJib3JkZXIlM0EwJTIyJTIwYWxsb3dmdWxsc2NyZWVuJTNFJTNDJTJGaWZyYW1lJTNF&#8221;][\/vc_column][\/vc_row][vc_row][vc_column][vc_empty_space height=&#8221;20px&#8221;][\/vc_column][\/vc_row][vc_row][vc_column width=&#8221;1\/2&#8243;][vc_custom_heading text=&#8221;Tiran\u00eb&#8221; font_container=&#8221;tag:h2|font_size:23px|text_align:left|color:%23000000&#8243; google_fonts=&#8221;font_family:Bitter%3Aregular%2Citalic%2C700|font_style:400%20regular%3A400%3Anormal&#8221;][vc_separator color=&#8221;custom&#8221; align=&#8221;align_left&#8221; border_width=&#8221;2&#8243; el_width=&#8221;10&#8243; accent_color=&#8221;#ab2524&#8243; css=&#8221;.vc_custom_1504688296150{margin-top: -15px !important;}&#8221;][\/vc_column][vc_column width=&#8221;1\/2&#8243;][vc_custom_heading text=&#8221;Nik\u00ebl&#8221; font_container=&#8221;tag:h2|font_size:23px|text_align:left|color:%23000000&#8243; google_fonts=&#8221;font_family:Bitter%3Aregular%2Citalic%2C700|font_style:400%20regular%3A400%3Anormal&#8221;][vc_separator color=&#8221;custom&#8221; align=&#8221;align_left&#8221; border_width=&#8221;2&#8243; el_width=&#8221;10&#8243; accent_color=&#8221;#ab2524&#8243; css=&#8221;.vc_custom_1504688296150{margin-top: -15px !important;}&#8221;][\/vc_column][\/vc_row]<\/p>\n","protected":false},"author":4,"featured_media":0,"parent":0,"menu_order":0,"comment_status":"closed","ping_status":"closed","template":"","meta":{"footnotes":""},"class_list":["post-480","page","type-page","status-publish","hentry","description-off"],"_links":{"self":[{"href":"https:\/\/bibtex.al\/index.php\/wp-json\/wp\/v2\/pages\/480","targetHints":{"allow":["GET"]}}],"collection":[{"href":"https:\/\/bibtex.al\/index.php\/wp-json\/wp\/v2\/pages"}],"about":[{"href":"https:\/\/bibtex.al\/index.php\/wp-json\/wp\/v2\/types\/page"}],"author":[{"embeddable":true,"href":"https:\/\/bibtex.al\/index.php\/wp-json\/wp\/v2\/users\/4"}],"replies":[{"embeddable":true,"href":"https:\/\/bibtex.al\/index.php\/wp-json\/wp\/v2\/comments?post=480"}],"version-history":[{"count":46,"href":"https:\/\/bibtex.al\/index.php\/wp-json\/wp\/v2\/pages\/480\/revisions"}],"predecessor-version":[{"id":4709,"href":"https:\/\/bibtex.al\/index.php\/wp-json\/wp\/v2\/pages\/480\/revisions\/4709"}],"wp:attachment":[{"href":"https:\/\/bibtex.al\/index.php\/wp-json\/wp\/v2\/media?parent=480"}],"curies":[{"name":"wp","href":"https:\/\/api.w.org\/{rel}","templated":true}]}}